{"id":87,"date":"2023-05-22T18:23:02","date_gmt":"2023-05-22T18:23:02","guid":{"rendered":"https:\/\/intra-grape.at\/?page_id=87"},"modified":"2025-11-16T19:00:09","modified_gmt":"2025-11-16T19:00:09","slug":"welcome-deutsch","status":"publish","type":"page","link":"https:\/\/intra-grape.at\/","title":{"rendered":"Willkommen"},"content":{"rendered":"\n<p>Willkommen zum Projekt INTRA: Verbesserte Magnesium-Ern\u00e4hrung der Weinrebe durch umfassende Analyse.<\/p>\n\n\n\n<p>In diesem Projekt suchen wir nach den Genen, Gennetzwerken und Biomarkern, die f\u00fcr den Magnesiummangel in der Weinrebe verantwortlich sind. Wir m\u00f6chten herausfinden, ob diese Faktoren mit genomischen Ver\u00e4nderungen in Verbindung stehen. Magnesium spielt eine entscheidende Rolle in der Pflanzenphysiologie, da es ein wichtiger Bestandteil des Chlorophylls ist. Ein niedriger Magnesiumgehalt in den Bl\u00e4ttern der Weinrebe f\u00fchrt zu einer verringerten Photosynthese und einer geringeren Produktion von Glukose. Dies hat wiederum Auswirkungen auf die Reifung der Trauben und letztendlich auf die Qualit\u00e4t des Weins.<\/p>\n\n\n\n<figure class=\"wp-block-table is-style-regular\"><table style=\"border-style: hidden;\"><tbody><tr><td><img decoding=\"async\" class=\"wp-image-285\" style=\"width: 400px;\" src=\"https:\/\/intra-grape.at\/wp-content\/uploads\/2025\/11\/dafne_logo_new.png\" alt=\"\"><\/td><\/tr><\/tbody><\/table><\/figure>\n","protected":false},"excerpt":{"rendered":"<p>Willkommen zum Projekt INTRA: Verbesserte Magnesium-Ern\u00e4hrung der Weinrebe durch umfassende Analyse. In diesem Projekt suchen wir nach den Genen, Gennetzwerken und Biomarkern, die f\u00fcr den Magnesiummangel in der Weinrebe verantwortlich sind. Wir m\u00f6chten herausfinden, ob diese Faktoren mit genomischen Ver\u00e4nderungen in Verbindung stehen. Magnesium spielt eine entscheidende Rolle in der Pflanzenphysiologie, da es ein wichtiger &hellip; <\/p>\n<p class=\"link-more\"><a href=\"https:\/\/intra-grape.at\/\" class=\"more-link\">Continue reading<span class=\"screen-reader-text\"> &#8220;Willkommen&#8221;<\/span><\/a><\/p>\n","protected":false},"author":1,"featured_media":0,"parent":0,"menu_order":0,"comment_status":"closed","ping_status":"closed","template":"","meta":{"footnotes":""},"class_list":["post-87","page","type-page","status-publish","hentry"],"_links":{"self":[{"href":"https:\/\/intra-grape.at\/index.php?rest_route=\/wp\/v2\/pages\/87","targetHints":{"allow":["GET"]}}],"collection":[{"href":"https:\/\/intra-grape.at\/index.php?rest_route=\/wp\/v2\/pages"}],"about":[{"href":"https:\/\/intra-grape.at\/index.php?rest_route=\/wp\/v2\/types\/page"}],"author":[{"embeddable":true,"href":"https:\/\/intra-grape.at\/index.php?rest_route=\/wp\/v2\/users\/1"}],"replies":[{"embeddable":true,"href":"https:\/\/intra-grape.at\/index.php?rest_route=%2Fwp%2Fv2%2Fcomments&post=87"}],"version-history":[{"count":11,"href":"https:\/\/intra-grape.at\/index.php?rest_route=\/wp\/v2\/pages\/87\/revisions"}],"predecessor-version":[{"id":443,"href":"https:\/\/intra-grape.at\/index.php?rest_route=\/wp\/v2\/pages\/87\/revisions\/443"}],"wp:attachment":[{"href":"https:\/\/intra-grape.at\/index.php?rest_route=%2Fwp%2Fv2%2Fmedia&parent=87"}],"curies":[{"name":"wp","href":"https:\/\/api.w.org\/{rel}","templated":true}]}}