{"id":116,"date":"2023-06-07T16:49:13","date_gmt":"2023-06-07T16:49:13","guid":{"rendered":"https:\/\/intra-grape.at\/?page_id=116"},"modified":"2023-09-07T19:05:11","modified_gmt":"2023-09-07T19:05:11","slug":"technologie","status":"publish","type":"page","link":"https:\/\/intra-grape.at\/?page_id=116","title":{"rendered":"Technologie"},"content":{"rendered":"\n<p>In unserem Projekt setzen wir auf neueste Technologien, um unsere Ziele zu erreichen. Wir nutzen moderne Sequenzierungstechnologien wie PacBio und Oxford Nanopore, um umfangreiche Analysen von Multi-Omics-Daten durchzuf\u00fchren, darunter Genomik und Transkriptomik. Unsere Fokus liegt auf Methoden, die einen ganzheitlichen Blick auf die verschiedenen molekularen Schichten erm\u00f6glichen. Dabei nutzen wir die Vorteile der Sequenzierungstechniken der dritten und vierten Generation (NGS), einschlie\u00dflich der Multiomik.<\/p>\n\n\n\n<p>Um die riesigen Mengen an Daten zu bew\u00e4ltigen, greifen wir auf fortschrittliche Berechnungsgrunds\u00e4tze und Algorithmen zur\u00fcck. Diese sind speziell auf die Analyse der einzelnen molekularen Schichten ausgerichtet. Unsere Experten werden die Daten sorgf\u00e4ltig analysieren und die Informationen aus den verschiedenen Datens\u00e4tzen miteinander integrieren. Dies erm\u00f6glicht uns die komplexe Zusammenh\u00e4nge zu verstehen.<\/p>\n\n\n\n<p>Unser Ziel ist es, durch den Einsatz modernster Technologie und fortschrittlicher Analysemethoden neue Erkenntnisse zu gewinnen. Wir m\u00f6chten die Informationen aus den verschiedenen Datenquellen zusammenf\u00fchren und damit ein umfassendes Bild der biologischen Prozesse erhalten. Auf diese Weise k\u00f6nnen wir die komplexen Zusammenh\u00e4nge im Weinbau besser verstehen und innovative L\u00f6sungen entwickeln.<\/p>\n","protected":false},"excerpt":{"rendered":"<p>In unserem Projekt setzen wir auf neueste Technologien, um unsere Ziele zu erreichen. Wir nutzen moderne Sequenzierungstechnologien wie PacBio und Oxford Nanopore, um umfangreiche Analysen von Multi-Omics-Daten durchzuf\u00fchren, darunter Genomik und Transkriptomik. Unsere Fokus liegt auf Methoden, die einen ganzheitlichen Blick auf die verschiedenen molekularen Schichten erm\u00f6glichen. Dabei nutzen wir die Vorteile der Sequenzierungstechniken der &hellip; <\/p>\n<p class=\"link-more\"><a href=\"https:\/\/intra-grape.at\/?page_id=116\" class=\"more-link\">Continue reading<span class=\"screen-reader-text\"> &#8220;Technologie&#8221;<\/span><\/a><\/p>\n","protected":false},"author":1,"featured_media":66,"parent":0,"menu_order":0,"comment_status":"closed","ping_status":"closed","template":"","meta":{"footnotes":""},"class_list":["post-116","page","type-page","status-publish","has-post-thumbnail","hentry"],"_links":{"self":[{"href":"https:\/\/intra-grape.at\/index.php?rest_route=\/wp\/v2\/pages\/116","targetHints":{"allow":["GET"]}}],"collection":[{"href":"https:\/\/intra-grape.at\/index.php?rest_route=\/wp\/v2\/pages"}],"about":[{"href":"https:\/\/intra-grape.at\/index.php?rest_route=\/wp\/v2\/types\/page"}],"author":[{"embeddable":true,"href":"https:\/\/intra-grape.at\/index.php?rest_route=\/wp\/v2\/users\/1"}],"replies":[{"embeddable":true,"href":"https:\/\/intra-grape.at\/index.php?rest_route=%2Fwp%2Fv2%2Fcomments&post=116"}],"version-history":[{"count":5,"href":"https:\/\/intra-grape.at\/index.php?rest_route=\/wp\/v2\/pages\/116\/revisions"}],"predecessor-version":[{"id":360,"href":"https:\/\/intra-grape.at\/index.php?rest_route=\/wp\/v2\/pages\/116\/revisions\/360"}],"wp:featuredmedia":[{"embeddable":true,"href":"https:\/\/intra-grape.at\/index.php?rest_route=\/wp\/v2\/media\/66"}],"wp:attachment":[{"href":"https:\/\/intra-grape.at\/index.php?rest_route=%2Fwp%2Fv2%2Fmedia&parent=116"}],"curies":[{"name":"wp","href":"https:\/\/api.w.org\/{rel}","templated":true}]}}